{"id":28,"date":"2025-12-21T20:35:26","date_gmt":"2025-12-21T20:35:26","guid":{"rendered":"https:\/\/propad.fr\/?page_id=28"},"modified":"2026-01-14T14:51:27","modified_gmt":"2026-01-14T14:51:27","slug":"conseil-strategique-investissement","status":"publish","type":"page","link":"https:\/\/propad.fr\/?page_id=28","title":{"rendered":"Conseil Strat\u00e9gique &#038; Investissement"},"content":{"rendered":"\n<div class=\"wp-block-group alignfull has-global-padding is-layout-constrained wp-container-core-group-is-layout-490fa1db wp-block-group-is-layout-constrained\" style=\"padding-top:var(--wp--preset--spacing--50);padding-right:var(--wp--preset--spacing--50);padding-bottom:var(--wp--preset--spacing--50);padding-left:var(--wp--preset--spacing--50)\">\n<div class=\"wp-block-group has-global-padding is-layout-constrained wp-container-core-group-is-layout-650790e1 wp-block-group-is-layout-constrained\">\n<h1 class=\"wp-block-heading has-text-align-center has-x-large-font-size\"><em>Un engagement en faveur de l\u2019innovation, de la durabilit\u00e9 et des investissements responsables<\/em><\/h1>\n\n\n\n<div style=\"height:1.25rem\" aria-hidden=\"true\" class=\"wp-block-spacer\"><\/div>\n\n\n\n<p class=\"has-text-align-center\">Nous accompagnons les entreprises et les investisseurs dans la d\u00e9finition et la mise en \u0153uvre de strat\u00e9gies de croissance durables. De l\u2019analyse approfondie des opportunit\u00e9s \u00e0 la structuration des investissements, nous apportons une vision claire, des d\u00e9cisions \u00e9clair\u00e9es et un accompagnement sur mesure pour optimiser la performance, ma\u00eetriser les risques et cr\u00e9er de la valeur \u00e0 long terme.<\/p>\n\n\n\n<div style=\"height:1.25rem\" aria-hidden=\"true\" class=\"wp-block-spacer\"><\/div>\n\n\n\n<div class=\"wp-block-buttons is-content-justification-center is-layout-flex wp-container-core-buttons-is-layout-a89b3969 wp-block-buttons-is-layout-flex\"><\/div>\n<\/div>\n\n\n\n<div style=\"height:var(--wp--preset--spacing--30)\" aria-hidden=\"true\" class=\"wp-block-spacer\"><\/div>\n\n\n\n<figure class=\"wp-block-image alignwide size-full is-style-rounded is-style-rounded--1\"><img decoding=\"async\" src=\"https:\/\/propad.fr\/wp-content\/themes\/twentytwentyfour\/assets\/images\/building-exterior.webp\" alt=\"Building exterior in Toronto, Canada\"\/><\/figure>\n<\/div>\n\n\n\n<div class=\"wp-block-group alignfull has-base-2-background-color has-background has-global-padding is-layout-constrained wp-container-core-group-is-layout-669513ed wp-block-group-is-layout-constrained\" style=\"margin-top:0;margin-bottom:0;padding-top:var(--wp--preset--spacing--50);padding-right:var(--wp--preset--spacing--50);padding-bottom:var(--wp--preset--spacing--50);padding-left:var(--wp--preset--spacing--50)\">\n<div style=\"margin-top:0;margin-bottom:0;height:var(--wp--preset--spacing--40)\" aria-hidden=\"true\" class=\"wp-block-spacer\"><\/div>\n\n\n\n<div class=\"wp-block-columns alignwide is-layout-flex wp-container-core-columns-is-layout-d0bbbce0 wp-block-columns-is-layout-flex\">\n<div class=\"wp-block-column is-layout-flow wp-container-core-column-is-layout-e3d1c41b wp-block-column-is-layout-flow\">\n<h3 class=\"wp-block-heading has-text-align-left is-style-asterisk has-body-font-family has-medium-font-size\" style=\"font-style:normal;font-weight:600\">Investissements strat\u00e9giques cibl\u00e9s<\/h3>\n\n\n\n<p class=\"has-text-align-left\">Nous investissons dans des projets et des entreprises \u00e0 fort potentiel, en privil\u00e9giant des secteurs porteurs et des mod\u00e8les \u00e9conomiques solides, capables de g\u00e9n\u00e9rer une croissance durable \u00e0 long terme.<\/p>\n<\/div>\n\n\n\n<div class=\"wp-block-column is-layout-flow wp-container-core-column-is-layout-e3d1c41b wp-block-column-is-layout-flow\">\n<h3 class=\"wp-block-heading has-text-align-left is-style-asterisk has-body-font-family has-medium-font-size\" style=\"font-style:normal;font-weight:600\">Approche orient\u00e9e cr\u00e9ation de valeur<\/h3>\n\n\n\n<p class=\"has-text-align-left\">Chaque investissement est structur\u00e9 avec une vision claire de cr\u00e9ation de valeur, combinant performance financi\u00e8re, optimisation op\u00e9rationnelle et d\u00e9veloppement strat\u00e9gique.<\/p>\n<\/div>\n\n\n\n<div class=\"wp-block-column is-layout-flow wp-container-core-column-is-layout-e3d1c41b wp-block-column-is-layout-flow\">\n<h3 class=\"wp-block-heading has-text-align-left is-style-asterisk has-body-font-family has-medium-font-size\" style=\"font-style:normal;font-weight:600\">Engagement \u00e0 long terme<\/h3>\n\n\n\n<p class=\"has-text-align-left\">Nous privil\u00e9gions des partenariats durables avec les entreprises que nous accompagnons, en nous impliquant activement dans leur \u00e9volution et leur gouvernance lorsque cela est pertinent.<\/p>\n<\/div>\n<\/div>\n\n\n\n<div style=\"height:var(--wp--preset--spacing--20)\" aria-hidden=\"true\" class=\"wp-block-spacer\"><\/div>\n\n\n\n<div class=\"wp-block-columns alignwide is-layout-flex wp-container-core-columns-is-layout-d0bbbce0 wp-block-columns-is-layout-flex\">\n<div class=\"wp-block-column is-layout-flow wp-container-core-column-is-layout-e3d1c41b wp-block-column-is-layout-flow\">\n<h3 class=\"wp-block-heading has-text-align-left is-style-asterisk has-body-font-family has-medium-font-size\" style=\"font-style:normal;font-weight:600\">Gestion ma\u00eetris\u00e9e des risques<\/h3>\n\n\n\n<p class=\"has-text-align-left\">Nos d\u00e9cisions d\u2019investissement reposent sur des analyses approfondies, une due diligence rigoureuse et une diversification r\u00e9fl\u00e9chie afin de s\u00e9curiser le capital investi.<\/p>\n<\/div>\n\n\n\n<div class=\"wp-block-column is-layout-flow wp-container-core-column-is-layout-e3d1c41b wp-block-column-is-layout-flow\">\n<h3 class=\"wp-block-heading has-text-align-left is-style-asterisk has-body-font-family has-medium-font-size\" style=\"font-style:normal;font-weight:600\">Innovation et durabilit\u00e9<\/h3>\n\n\n\n<p class=\"has-text-align-left\">Nous soutenons des initiatives innovantes et responsables, int\u00e9grant des crit\u00e8res environnementaux, sociaux et de gouvernance (ESG) au c\u0153ur de notre strat\u00e9gie d\u2019investissement.<\/p>\n<\/div>\n\n\n\n<div class=\"wp-block-column is-layout-flow wp-container-core-column-is-layout-e3d1c41b wp-block-column-is-layout-flow\">\n<h3 class=\"wp-block-heading has-text-align-left is-style-asterisk has-body-font-family has-medium-font-size\" style=\"font-style:normal;font-weight:600\">Expertise et accompagnement strat\u00e9gique<\/h3>\n\n\n\n<p class=\"has-text-align-left\">Au-del\u00e0 du capital, nous apportons un savoir-faire strat\u00e9gique, un r\u00e9seau international et un accompagnement op\u00e9rationnel pour acc\u00e9l\u00e9rer la croissance et la performance des entreprises partenaires.<\/p>\n<\/div>\n<\/div>\n<\/div>\n\n\n\n<p><\/p>\n","protected":false},"excerpt":{"rendered":"<p>Un engagement en faveur de l\u2019innovation, de la durabilit\u00e9 et des investissements responsables Nous accompagnons les entreprises et les investisseurs dans la d\u00e9finition et la mise en \u0153uvre de strat\u00e9gies de croissance durables. De l\u2019analyse approfondie des opportunit\u00e9s \u00e0 la structuration des investissements, nous apportons une vision claire, des d\u00e9cisions \u00e9clair\u00e9es et un accompagnement sur [&hellip;]<\/p>\n","protected":false},"author":2,"featured_media":0,"parent":0,"menu_order":0,"comment_status":"closed","ping_status":"closed","template":"","meta":{"footnotes":""},"class_list":["post-28","page","type-page","status-publish","hentry"],"jetpack_sharing_enabled":true,"_links":{"self":[{"href":"https:\/\/propad.fr\/index.php?rest_route=\/wp\/v2\/pages\/28","targetHints":{"allow":["GET"]}}],"collection":[{"href":"https:\/\/propad.fr\/index.php?rest_route=\/wp\/v2\/pages"}],"about":[{"href":"https:\/\/propad.fr\/index.php?rest_route=\/wp\/v2\/types\/page"}],"author":[{"embeddable":true,"href":"https:\/\/propad.fr\/index.php?rest_route=\/wp\/v2\/users\/2"}],"replies":[{"embeddable":true,"href":"https:\/\/propad.fr\/index.php?rest_route=%2Fwp%2Fv2%2Fcomments&post=28"}],"version-history":[{"count":5,"href":"https:\/\/propad.fr\/index.php?rest_route=\/wp\/v2\/pages\/28\/revisions"}],"predecessor-version":[{"id":97,"href":"https:\/\/propad.fr\/index.php?rest_route=\/wp\/v2\/pages\/28\/revisions\/97"}],"wp:attachment":[{"href":"https:\/\/propad.fr\/index.php?rest_route=%2Fwp%2Fv2%2Fmedia&parent=28"}],"curies":[{"name":"wp","href":"https:\/\/api.w.org\/{rel}","templated":true}]}}