{"id":30,"date":"2025-12-21T21:00:06","date_gmt":"2025-12-21T21:00:06","guid":{"rendered":"https:\/\/propad.fr\/?page_id=30"},"modified":"2026-01-07T09:17:33","modified_gmt":"2026-01-07T09:17:33","slug":"analyses-audits-strategiques","status":"publish","type":"page","link":"https:\/\/propad.fr\/?page_id=30","title":{"rendered":"Analyses &#038; Audits Strat\u00e9giques"},"content":{"rendered":"\n<div class=\"wp-block-group alignwide has-global-padding is-content-justification-center is-layout-constrained wp-container-core-group-is-layout-9f9d62a4 wp-block-group-is-layout-constrained\" style=\"padding-top:var(--wp--preset--spacing--50);padding-right:var(--wp--preset--spacing--50);padding-bottom:var(--wp--preset--spacing--50);padding-left:var(--wp--preset--spacing--50)\">\n<div class=\"wp-block-group has-global-padding is-layout-constrained wp-container-core-group-is-layout-650790e1 wp-block-group-is-layout-constrained\">\n<h1 class=\"wp-block-heading has-text-align-center has-x-large-font-size\"><em>Une \u00e9valuation approfondie pour des d\u00e9cisions \u00e9clair\u00e9es<\/em><\/h1>\n\n\n\n<div style=\"height:1.25rem\" aria-hidden=\"true\" class=\"wp-block-spacer\"><\/div>\n\n\n\n<p class=\"has-text-align-center\">Nos analyses et audits strat\u00e9giques offrent une vision globale, pr\u00e9cise et objective de la performance, de la structure et du positionnement de votre organisation. \u00c0 travers une \u00e9valuation approfondie des processus, des actifs, des risques et des opportunit\u00e9s, nous identifions les leviers de croissance durable et d\u2019optimisation. Cette d\u00e9marche rigoureuse permet d\u2019\u00e9clairer la prise de d\u00e9cision, d\u2019anticiper les \u00e9volutions du march\u00e9 et d\u2019aligner les strat\u00e9gies op\u00e9rationnelles et financi\u00e8res avec les objectifs \u00e0 long terme.<\/p>\n\n\n\n<div style=\"height:1.25rem\" aria-hidden=\"true\" class=\"wp-block-spacer\"><\/div>\n\n\n\n<div class=\"wp-block-buttons is-content-justification-center is-layout-flex wp-container-core-buttons-is-layout-a89b3969 wp-block-buttons-is-layout-flex\"><\/div>\n<\/div>\n\n\n\n<div style=\"height:var(--wp--preset--spacing--30)\" aria-hidden=\"true\" class=\"wp-block-spacer\"><\/div>\n\n\n\n<figure class=\"wp-block-image aligncenter size-full is-resized is-style-rounded is-style-rounded--1\"><img loading=\"lazy\" decoding=\"async\" width=\"500\" height=\"334\" src=\"https:\/\/propad.fr\/wp-content\/uploads\/2026\/01\/2-accompagnement-audit-strategique-tpe-pme-1.jpg\" alt=\"\" class=\"wp-image-73\" style=\"width:620px;height:auto\" srcset=\"https:\/\/propad.fr\/wp-content\/uploads\/2026\/01\/2-accompagnement-audit-strategique-tpe-pme-1.jpg 500w, https:\/\/propad.fr\/wp-content\/uploads\/2026\/01\/2-accompagnement-audit-strategique-tpe-pme-1-300x200.jpg 300w\" sizes=\"auto, (max-width: 500px) 100vw, 500px\" \/><\/figure>\n<\/div>\n\n\n\n<div class=\"wp-block-group alignfull has-base-2-background-color has-background has-global-padding is-layout-constrained wp-container-core-group-is-layout-669513ed wp-block-group-is-layout-constrained\" style=\"margin-top:0;margin-bottom:0;padding-top:var(--wp--preset--spacing--50);padding-right:var(--wp--preset--spacing--50);padding-bottom:var(--wp--preset--spacing--50);padding-left:var(--wp--preset--spacing--50)\">\n<div class=\"wp-block-group is-vertical is-content-justification-center is-layout-flex wp-container-core-group-is-layout-52b864f0 wp-block-group-is-layout-flex\">\n<h2 class=\"wp-block-heading has-text-align-center is-style-asterisk\">Professionnel et institutionnel<\/h2>\n\n\n\n<div style=\"height:0px\" aria-hidden=\"true\" class=\"wp-block-spacer wp-container-content-4f2ccadb\"><\/div>\n\n\n\n<p class=\"has-text-align-center\">Des analyses approfondies au service de votre strat\u00e9gie<\/p>\n<\/div>\n\n\n\n<div style=\"margin-top:0;margin-bottom:0;height:var(--wp--preset--spacing--40)\" aria-hidden=\"true\" class=\"wp-block-spacer\"><\/div>\n\n\n\n<div class=\"wp-block-columns alignwide is-layout-flex wp-container-core-columns-is-layout-d0bbbce0 wp-block-columns-is-layout-flex\">\n<div class=\"wp-block-column is-layout-flow wp-container-core-column-is-layout-e3d1c41b wp-block-column-is-layout-flow\">\n<h3 class=\"wp-block-heading has-text-align-left is-style-asterisk has-body-font-family has-medium-font-size\" style=\"font-style:normal;font-weight:600\">Op\u00e9rations<\/h3>\n\n\n\n<p class=\"has-text-align-left\">Nos services d\u2019audit offrent une analyse rigoureuse et ind\u00e9pendante des structures, processus et performances de l\u2019organisation, afin d\u2019assurer transparence, conformit\u00e9 et efficacit\u00e9 op\u00e9rationnelle.<\/p>\n<\/div>\n\n\n\n<div class=\"wp-block-column is-layout-flow wp-container-core-column-is-layout-e3d1c41b wp-block-column-is-layout-flow\">\n<h3 class=\"wp-block-heading has-text-align-left is-style-asterisk has-body-font-family has-medium-font-size\" style=\"font-style:normal;font-weight:600\">\u00c9valuations<\/h3>\n\n\n\n<p class=\"has-text-align-left\">Nous \u00e9valuons les syst\u00e8mes internes, les flux d\u00e9cisionnels et les pratiques de gouvernance pour identifier les risques, les \u00e9carts et les axes d\u2019am\u00e9lioration strat\u00e9gique.<\/p>\n<\/div>\n\n\n\n<div class=\"wp-block-column is-layout-flow wp-container-core-column-is-layout-e3d1c41b wp-block-column-is-layout-flow\">\n<h3 class=\"wp-block-heading has-text-align-left is-style-asterisk has-body-font-family has-medium-font-size\" style=\"font-style:normal;font-weight:600\">M\u00e9thodologies<\/h3>\n\n\n\n<p class=\"has-text-align-left\">Chaque mission d\u2019audit est men\u00e9e selon des m\u00e9thodologies \u00e9prouv\u00e9es, adapt\u00e9es au contexte et aux objectifs sp\u00e9cifiques de nos clients, garantissant des r\u00e9sultats fiables et exploitables.<\/p>\n\n\n\n<p class=\"has-text-align-left\"><\/p>\n<\/div>\n<\/div>\n\n\n\n<div style=\"height:var(--wp--preset--spacing--20)\" aria-hidden=\"true\" class=\"wp-block-spacer\"><\/div>\n\n\n\n<div class=\"wp-block-columns alignwide is-layout-flex wp-container-core-columns-is-layout-d0bbbce0 wp-block-columns-is-layout-flex\">\n<div class=\"wp-block-column is-layout-flow wp-container-core-column-is-layout-e3d1c41b wp-block-column-is-layout-flow\">\n<h3 class=\"wp-block-heading has-text-align-left is-style-asterisk has-body-font-family has-medium-font-size\" style=\"font-style:normal;font-weight:600\">Analyses<\/h3>\n\n\n\n<p class=\"has-text-align-left\">Nos analyses permettent d\u2019optimiser la gestion des ressources, de renforcer le contr\u00f4le interne et d\u2019am\u00e9liorer la performance globale \u00e0 court et long terme.<\/p>\n<\/div>\n\n\n\n<div class=\"wp-block-column is-layout-flow wp-container-core-column-is-layout-e3d1c41b wp-block-column-is-layout-flow\">\n<h3 class=\"wp-block-heading has-text-align-left is-style-asterisk has-body-font-family has-medium-font-size\" style=\"font-style:normal;font-weight:600\">Prise de D\u00e9cision<\/h3>\n\n\n\n<p class=\"has-text-align-left\">Au-del\u00e0 du diagnostic, nous formulons des recommandations concr\u00e8tes et hi\u00e9rarchis\u00e9es, orient\u00e9es vers la cr\u00e9ation de valeur et la prise de d\u00e9cision \u00e9clair\u00e9e.<\/p>\n\n\n\n<p class=\"has-text-align-left\"><\/p>\n<\/div>\n\n\n\n<div class=\"wp-block-column is-layout-flow wp-container-core-column-is-layout-e3d1c41b wp-block-column-is-layout-flow\">\n<h3 class=\"wp-block-heading has-text-align-left is-style-asterisk has-body-font-family has-medium-font-size\" style=\"font-style:normal;font-weight:600\">Architectural Solutions<\/h3>\n\n\n\n<p class=\"has-text-align-left\">Notre approche confidentielle, structur\u00e9e et orient\u00e9e accompagne les dirigeants dans la s\u00e9curisation, la p\u00e9rennit\u00e9 et le d\u00e9veloppement durable de leurs activit\u00e9s.<\/p>\n<\/div>\n<\/div>\n<\/div>\n\n\n\n<p><\/p>\n","protected":false},"excerpt":{"rendered":"<p>Une \u00e9valuation approfondie pour des d\u00e9cisions \u00e9clair\u00e9es Nos analyses et audits strat\u00e9giques offrent une vision globale, pr\u00e9cise et objective de la performance, de la structure et du positionnement de votre organisation. \u00c0 travers une \u00e9valuation approfondie des processus, des actifs, des risques et des opportunit\u00e9s, nous identifions les leviers de croissance durable et d\u2019optimisation. Cette [&hellip;]<\/p>\n","protected":false},"author":2,"featured_media":0,"parent":0,"menu_order":0,"comment_status":"closed","ping_status":"closed","template":"","meta":{"footnotes":""},"class_list":["post-30","page","type-page","status-publish","hentry"],"jetpack_sharing_enabled":true,"_links":{"self":[{"href":"https:\/\/propad.fr\/index.php?rest_route=\/wp\/v2\/pages\/30","targetHints":{"allow":["GET"]}}],"collection":[{"href":"https:\/\/propad.fr\/index.php?rest_route=\/wp\/v2\/pages"}],"about":[{"href":"https:\/\/propad.fr\/index.php?rest_route=\/wp\/v2\/types\/page"}],"author":[{"embeddable":true,"href":"https:\/\/propad.fr\/index.php?rest_route=\/wp\/v2\/users\/2"}],"replies":[{"embeddable":true,"href":"https:\/\/propad.fr\/index.php?rest_route=%2Fwp%2Fv2%2Fcomments&post=30"}],"version-history":[{"count":10,"href":"https:\/\/propad.fr\/index.php?rest_route=\/wp\/v2\/pages\/30\/revisions"}],"predecessor-version":[{"id":74,"href":"https:\/\/propad.fr\/index.php?rest_route=\/wp\/v2\/pages\/30\/revisions\/74"}],"wp:attachment":[{"href":"https:\/\/propad.fr\/index.php?rest_route=%2Fwp%2Fv2%2Fmedia&parent=30"}],"curies":[{"name":"wp","href":"https:\/\/api.w.org\/{rel}","templated":true}]}}