{"id":31,"date":"2025-12-21T21:01:17","date_gmt":"2025-12-21T21:01:17","guid":{"rendered":"https:\/\/propad.fr\/?page_id=31"},"modified":"2026-01-14T14:51:56","modified_gmt":"2026-01-14T14:51:56","slug":"developpement-participation-dentreprises","status":"publish","type":"page","link":"https:\/\/propad.fr\/?page_id=31","title":{"rendered":"D\u00e9veloppement &#038; Participation d\u2019Entreprises"},"content":{"rendered":"\n<div class=\"wp-block-group alignfull has-global-padding is-layout-constrained wp-container-core-group-is-layout-490fa1db wp-block-group-is-layout-constrained\" style=\"padding-top:var(--wp--preset--spacing--50);padding-right:var(--wp--preset--spacing--50);padding-bottom:var(--wp--preset--spacing--50);padding-left:var(--wp--preset--spacing--50)\">\n<div class=\"wp-block-group has-global-padding is-layout-constrained wp-container-core-group-is-layout-650790e1 wp-block-group-is-layout-constrained\">\n<h1 class=\"wp-block-heading has-text-align-center has-x-large-font-size\"><em>Croissance et participation strat\u00e9gique<\/em><\/h1>\n\n\n\n<div style=\"height:1.25rem\" aria-hidden=\"true\" class=\"wp-block-spacer\"><\/div>\n\n\n\n<p class=\"has-text-align-center\">Nous accompagnons la croissance des entreprises \u00e0 travers des strat\u00e9gies de d\u00e9veloppement cibl\u00e9es et des prises de participation strat\u00e9giques. En tant que partenaire engag\u00e9, nous contribuons \u00e0 la structuration, au financement et \u00e0 l\u2019expansion des soci\u00e9t\u00e9s \u00e0 fort potentiel. Notre approche repose sur une implication active, une vision \u00e0 long terme et une cr\u00e9ation de valeur durable, tout en respectant l\u2019identit\u00e9, la gouvernance et les objectifs de chaque entreprise accompagn\u00e9e.<\/p>\n\n\n\n<div style=\"height:1.25rem\" aria-hidden=\"true\" class=\"wp-block-spacer\"><\/div>\n\n\n\n<div class=\"wp-block-buttons is-content-justification-center is-layout-flex wp-container-core-buttons-is-layout-a89b3969 wp-block-buttons-is-layout-flex\">\n<div class=\"wp-block-button\"><a class=\"wp-block-button__link wp-element-button\">About us<\/a><\/div>\n<\/div>\n<\/div>\n\n\n\n<div style=\"height:var(--wp--preset--spacing--30)\" aria-hidden=\"true\" class=\"wp-block-spacer\"><\/div>\n\n\n\n<figure class=\"wp-block-image aligncenter size-full is-style-rounded is-style-rounded--1\"><img loading=\"lazy\" decoding=\"async\" width=\"760\" height=\"507\" src=\"https:\/\/propad.fr\/wp-content\/uploads\/2026\/01\/e7ed5c50cc71e03bdd4f1b70b0e21222-760x507-1.jpg\" alt=\"\" class=\"wp-image-78\" srcset=\"https:\/\/propad.fr\/wp-content\/uploads\/2026\/01\/e7ed5c50cc71e03bdd4f1b70b0e21222-760x507-1.jpg 760w, https:\/\/propad.fr\/wp-content\/uploads\/2026\/01\/e7ed5c50cc71e03bdd4f1b70b0e21222-760x507-1-300x200.jpg 300w\" sizes=\"auto, (max-width: 760px) 100vw, 760px\" \/><\/figure>\n<\/div>\n\n\n\n<h2 class=\"wp-block-heading\"><\/h2>\n\n\n\n<p><\/p>\n","protected":false},"excerpt":{"rendered":"<p>Croissance et participation strat\u00e9gique Nous accompagnons la croissance des entreprises \u00e0 travers des strat\u00e9gies de d\u00e9veloppement cibl\u00e9es et des prises de participation strat\u00e9giques. En tant que partenaire engag\u00e9, nous contribuons \u00e0 la structuration, au financement et \u00e0 l\u2019expansion des soci\u00e9t\u00e9s \u00e0 fort potentiel. Notre approche repose sur une implication active, une vision \u00e0 long terme [&hellip;]<\/p>\n","protected":false},"author":2,"featured_media":0,"parent":0,"menu_order":0,"comment_status":"closed","ping_status":"closed","template":"","meta":{"footnotes":""},"class_list":["post-31","page","type-page","status-publish","hentry"],"jetpack_sharing_enabled":true,"_links":{"self":[{"href":"https:\/\/propad.fr\/index.php?rest_route=\/wp\/v2\/pages\/31","targetHints":{"allow":["GET"]}}],"collection":[{"href":"https:\/\/propad.fr\/index.php?rest_route=\/wp\/v2\/pages"}],"about":[{"href":"https:\/\/propad.fr\/index.php?rest_route=\/wp\/v2\/types\/page"}],"author":[{"embeddable":true,"href":"https:\/\/propad.fr\/index.php?rest_route=\/wp\/v2\/users\/2"}],"replies":[{"embeddable":true,"href":"https:\/\/propad.fr\/index.php?rest_route=%2Fwp%2Fv2%2Fcomments&post=31"}],"version-history":[{"count":6,"href":"https:\/\/propad.fr\/index.php?rest_route=\/wp\/v2\/pages\/31\/revisions"}],"predecessor-version":[{"id":98,"href":"https:\/\/propad.fr\/index.php?rest_route=\/wp\/v2\/pages\/31\/revisions\/98"}],"wp:attachment":[{"href":"https:\/\/propad.fr\/index.php?rest_route=%2Fwp%2Fv2%2Fmedia&parent=31"}],"curies":[{"name":"wp","href":"https:\/\/api.w.org\/{rel}","templated":true}]}}