{"id":46,"date":"2025-12-21T21:04:26","date_gmt":"2025-12-21T21:04:26","guid":{"rendered":"https:\/\/propad.fr\/?page_id=46"},"modified":"2026-01-14T16:16:09","modified_gmt":"2026-01-14T16:16:09","slug":"design-graphique-2","status":"publish","type":"page","link":"https:\/\/propad.fr\/?page_id=46","title":{"rendered":"Identit\u00e9 Visuelle"},"content":{"rendered":"\n<div class=\"wp-block-group alignwide has-global-padding is-content-justification-center is-layout-constrained wp-container-core-group-is-layout-9f9d62a4 wp-block-group-is-layout-constrained\" style=\"padding-top:var(--wp--preset--spacing--50);padding-right:var(--wp--preset--spacing--50);padding-bottom:var(--wp--preset--spacing--50);padding-left:var(--wp--preset--spacing--50)\">\n<div class=\"wp-block-group has-global-padding is-layout-constrained wp-container-core-group-is-layout-650790e1 wp-block-group-is-layout-constrained\">\n<h1 class=\"wp-block-heading has-text-align-center has-x-large-font-size\"><em>Design Graphique<\/em><\/h1>\n\n\n\n<div style=\"height:1.25rem\" aria-hidden=\"true\" class=\"wp-block-spacer\"><\/div>\n\n\n\n<p class=\"has-text-align-center\">Nous concevons des identit\u00e9s visuelles fortes et coh\u00e9rentes qui traduisent l\u2019ADN, les valeurs et la vision strat\u00e9gique des entreprises. De la cr\u00e9ation de logos aux chartes graphiques compl\u00e8tes, en passant par les supports institutionnels et digitaux, notre approche allie esth\u00e9tique, lisibilit\u00e9 et impact. Chaque design est pens\u00e9 pour renforcer la cr\u00e9dibilit\u00e9 de la marque, assurer une coh\u00e9rence sur l\u2019ensemble des supports et positionner durablement l\u2019entreprise dans son environnement concurrentiel.<\/p>\n\n\n\n<div style=\"height:1.25rem\" aria-hidden=\"true\" class=\"wp-block-spacer\"><\/div>\n<\/div>\n\n\n\n<figure class=\"wp-block-gallery has-nested-images columns-default is-cropped wp-block-gallery-4 is-layout-flex wp-block-gallery-is-layout-flex\">\n<figure class=\"wp-block-image size-large is-resized is-style-rounded is-style-rounded--1\"><img loading=\"lazy\" decoding=\"async\" width=\"1024\" height=\"791\" data-id=\"105\" src=\"https:\/\/propad.fr\/wp-content\/uploads\/2026\/01\/pro-presentation-06-1024x791.jpeg\" alt=\"\" class=\"wp-image-105\" style=\"width:522px;height:auto\" srcset=\"https:\/\/propad.fr\/wp-content\/uploads\/2026\/01\/pro-presentation-06-1024x791.jpeg 1024w, https:\/\/propad.fr\/wp-content\/uploads\/2026\/01\/pro-presentation-06-300x232.jpeg 300w, https:\/\/propad.fr\/wp-content\/uploads\/2026\/01\/pro-presentation-06-768x593.jpeg 768w, https:\/\/propad.fr\/wp-content\/uploads\/2026\/01\/pro-presentation-06-1536x1187.jpeg 1536w, https:\/\/propad.fr\/wp-content\/uploads\/2026\/01\/pro-presentation-06-2048x1583.jpeg 2048w\" sizes=\"auto, (max-width: 1024px) 100vw, 1024px\" \/><\/figure>\n\n\n\n<figure class=\"wp-block-image size-large is-resized is-style-rounded is-style-rounded--2\"><img loading=\"lazy\" decoding=\"async\" width=\"1024\" height=\"791\" data-id=\"106\" src=\"https:\/\/propad.fr\/wp-content\/uploads\/2026\/01\/pro-presentation-09-1024x791.jpeg\" alt=\"\" class=\"wp-image-106\" style=\"width:522px;height:auto\" srcset=\"https:\/\/propad.fr\/wp-content\/uploads\/2026\/01\/pro-presentation-09-1024x791.jpeg 1024w, https:\/\/propad.fr\/wp-content\/uploads\/2026\/01\/pro-presentation-09-300x232.jpeg 300w, https:\/\/propad.fr\/wp-content\/uploads\/2026\/01\/pro-presentation-09-768x593.jpeg 768w, https:\/\/propad.fr\/wp-content\/uploads\/2026\/01\/pro-presentation-09-1536x1187.jpeg 1536w, https:\/\/propad.fr\/wp-content\/uploads\/2026\/01\/pro-presentation-09-2048x1583.jpeg 2048w\" sizes=\"auto, (max-width: 1024px) 100vw, 1024px\" \/><\/figure>\n\n\n\n<figure class=\"wp-block-image size-large is-style-rounded is-style-rounded--3\"><img loading=\"lazy\" decoding=\"async\" width=\"1024\" height=\"791\" data-id=\"107\" src=\"https:\/\/propad.fr\/wp-content\/uploads\/2026\/01\/pro-presentation-07-1024x791.jpeg\" alt=\"\" class=\"wp-image-107\" srcset=\"https:\/\/propad.fr\/wp-content\/uploads\/2026\/01\/pro-presentation-07-1024x791.jpeg 1024w, https:\/\/propad.fr\/wp-content\/uploads\/2026\/01\/pro-presentation-07-300x232.jpeg 300w, https:\/\/propad.fr\/wp-content\/uploads\/2026\/01\/pro-presentation-07-768x593.jpeg 768w, https:\/\/propad.fr\/wp-content\/uploads\/2026\/01\/pro-presentation-07-1536x1187.jpeg 1536w, https:\/\/propad.fr\/wp-content\/uploads\/2026\/01\/pro-presentation-07-2048x1583.jpeg 2048w\" sizes=\"auto, (max-width: 1024px) 100vw, 1024px\" \/><\/figure>\n<\/figure>\n<\/div>\n\n\n\n<div class=\"wp-block-group alignfull has-base-2-background-color has-background has-global-padding is-layout-constrained wp-container-core-group-is-layout-669513ed wp-block-group-is-layout-constrained\" style=\"margin-top:0;margin-bottom:0;padding-top:var(--wp--preset--spacing--50);padding-right:var(--wp--preset--spacing--50);padding-bottom:var(--wp--preset--spacing--50);padding-left:var(--wp--preset--spacing--50)\">\n<div class=\"wp-block-columns alignwide is-layout-flex wp-container-core-columns-is-layout-d0bbbce0 wp-block-columns-is-layout-flex\">\n<div class=\"wp-block-column is-layout-flow wp-container-core-column-is-layout-e3d1c41b wp-block-column-is-layout-flow\">\n<h3 class=\"wp-block-heading has-text-align-left is-style-asterisk has-body-font-family has-medium-font-size\" style=\"font-style:normal;font-weight:600\">Cr\u00e9ation de sites web sur mesure<\/h3>\n\n\n\n<p class=\"has-text-align-left\">Nous concevons des sites web professionnels, ergonomiques et adapt\u00e9s \u00e0 l\u2019identit\u00e9 de votre entreprise, pour offrir une exp\u00e9rience utilisateur optimale.<\/p>\n<\/div>\n\n\n\n<div class=\"wp-block-column is-layout-flow wp-container-core-column-is-layout-e3d1c41b wp-block-column-is-layout-flow\">\n<h3 class=\"wp-block-heading has-text-align-left is-style-asterisk has-body-font-family has-medium-font-size\" style=\"font-style:normal;font-weight:600\">Design de cartes de visite<\/h3>\n\n\n\n<p class=\"has-text-align-left\">Nous r\u00e9alisons des cartes de visite \u00e9l\u00e9gantes et coh\u00e9rentes avec votre image de marque, qui laissent une impression m\u00e9morable \u00e0 vos contacts.<\/p>\n<\/div>\n\n\n\n<div class=\"wp-block-column is-layout-flow wp-container-core-column-is-layout-e3d1c41b wp-block-column-is-layout-flow\">\n<h3 class=\"wp-block-heading has-text-align-left is-style-asterisk has-body-font-family has-medium-font-size\" style=\"font-style:normal;font-weight:600\">Papeterie d\u2019entreprise<\/h3>\n\n\n\n<p class=\"has-text-align-left\">Nous cr\u00e9ons des enveloppes, papiers \u00e0 en-t\u00eate et autres supports imprim\u00e9s refl\u00e9tant l\u2019identit\u00e9 visuelle de votre soci\u00e9t\u00e9.<\/p>\n<\/div>\n<\/div>\n\n\n\n<div style=\"height:var(--wp--preset--spacing--20)\" aria-hidden=\"true\" class=\"wp-block-spacer\"><\/div>\n\n\n\n<div class=\"wp-block-columns alignwide is-layout-flex wp-container-core-columns-is-layout-d0bbbce0 wp-block-columns-is-layout-flex\">\n<div class=\"wp-block-column is-layout-flow wp-container-core-column-is-layout-e3d1c41b wp-block-column-is-layout-flow\">\n<h3 class=\"wp-block-heading has-text-align-left is-style-asterisk has-body-font-family has-medium-font-size\" style=\"font-style:normal;font-weight:600\">Pr\u00e9sence sur les r\u00e9seaux sociaux<\/h3>\n\n\n\n<p class=\"has-text-align-left\">Nous d\u00e9veloppons des visuels et contenus adapt\u00e9s aux r\u00e9seaux sociaux pour renforcer votre visibilit\u00e9 et votre image de marque en ligne.<\/p>\n<\/div>\n\n\n\n<div class=\"wp-block-column is-layout-flow wp-container-core-column-is-layout-e3d1c41b wp-block-column-is-layout-flow\">\n<h3 class=\"wp-block-heading has-text-align-left is-style-asterisk has-body-font-family has-medium-font-size\" style=\"font-style:normal;font-weight:600\">Coh\u00e9rence graphique globale<\/h3>\n\n\n\n<p class=\"has-text-align-left\">Chaque \u00e9l\u00e9ment graphique est con\u00e7u pour assurer une identit\u00e9 visuelle harmonieuse sur tous vos supports, digitaux et imprim\u00e9s.<\/p>\n<\/div>\n\n\n\n<div class=\"wp-block-column is-layout-flow wp-container-core-column-is-layout-e3d1c41b wp-block-column-is-layout-flow\">\n<h3 class=\"wp-block-heading has-text-align-left is-style-asterisk has-body-font-family has-medium-font-size\" style=\"font-style:normal;font-weight:600\">Accompagnement personnalis\u00e9<\/h3>\n\n\n\n<p class=\"has-text-align-left\">Nous guidons nos clients \u00e0 chaque \u00e9tape du processus cr\u00e9atif pour garantir que leurs supports refl\u00e8tent parfaitement leur vision et leurs valeurs.<\/p>\n<\/div>\n<\/div>\n<\/div>\n\n\n\n<figure class=\"wp-block-image aligncenter size-large is-resized\"><img loading=\"lazy\" decoding=\"async\" width=\"1024\" height=\"791\" src=\"https:\/\/propad.fr\/wp-content\/uploads\/2026\/01\/pro-presentation-03-1024x791.jpeg\" alt=\"\" class=\"wp-image-109\" style=\"aspect-ratio:1.294574402140224;width:482px;height:auto\" srcset=\"https:\/\/propad.fr\/wp-content\/uploads\/2026\/01\/pro-presentation-03-1024x791.jpeg 1024w, https:\/\/propad.fr\/wp-content\/uploads\/2026\/01\/pro-presentation-03-300x232.jpeg 300w, https:\/\/propad.fr\/wp-content\/uploads\/2026\/01\/pro-presentation-03-768x593.jpeg 768w, https:\/\/propad.fr\/wp-content\/uploads\/2026\/01\/pro-presentation-03-1536x1187.jpeg 1536w, https:\/\/propad.fr\/wp-content\/uploads\/2026\/01\/pro-presentation-03-2048x1583.jpeg 2048w\" sizes=\"auto, (max-width: 1024px) 100vw, 1024px\" \/><\/figure>\n\n\n\n<p><\/p>\n","protected":false},"excerpt":{"rendered":"<p>Design Graphique Nous concevons des identit\u00e9s visuelles fortes et coh\u00e9rentes qui traduisent l\u2019ADN, les valeurs et la vision strat\u00e9gique des entreprises. De la cr\u00e9ation de logos aux chartes graphiques compl\u00e8tes, en passant par les supports institutionnels et digitaux, notre approche allie esth\u00e9tique, lisibilit\u00e9 et impact. Chaque design est pens\u00e9 pour renforcer la cr\u00e9dibilit\u00e9 de la [&hellip;]<\/p>\n","protected":false},"author":2,"featured_media":0,"parent":0,"menu_order":0,"comment_status":"closed","ping_status":"closed","template":"","meta":{"footnotes":""},"class_list":["post-46","page","type-page","status-publish","hentry"],"jetpack_sharing_enabled":true,"_links":{"self":[{"href":"https:\/\/propad.fr\/index.php?rest_route=\/wp\/v2\/pages\/46","targetHints":{"allow":["GET"]}}],"collection":[{"href":"https:\/\/propad.fr\/index.php?rest_route=\/wp\/v2\/pages"}],"about":[{"href":"https:\/\/propad.fr\/index.php?rest_route=\/wp\/v2\/types\/page"}],"author":[{"embeddable":true,"href":"https:\/\/propad.fr\/index.php?rest_route=\/wp\/v2\/users\/2"}],"replies":[{"embeddable":true,"href":"https:\/\/propad.fr\/index.php?rest_route=%2Fwp%2Fv2%2Fcomments&post=46"}],"version-history":[{"count":13,"href":"https:\/\/propad.fr\/index.php?rest_route=\/wp\/v2\/pages\/46\/revisions"}],"predecessor-version":[{"id":124,"href":"https:\/\/propad.fr\/index.php?rest_route=\/wp\/v2\/pages\/46\/revisions\/124"}],"wp:attachment":[{"href":"https:\/\/propad.fr\/index.php?rest_route=%2Fwp%2Fv2%2Fmedia&parent=46"}],"curies":[{"name":"wp","href":"https:\/\/api.w.org\/{rel}","templated":true}]}}