{"id":82,"date":"2026-01-07T10:21:11","date_gmt":"2026-01-07T10:21:11","guid":{"rendered":"https:\/\/propad.fr\/?page_id=82"},"modified":"2026-01-15T10:33:47","modified_gmt":"2026-01-15T10:33:47","slug":"home","status":"publish","type":"page","link":"https:\/\/propad.fr\/","title":{"rendered":"Propad France SAS"},"content":{"rendered":"\n<div class=\"wp-block-group alignfull has-accent-background-color has-background has-global-padding is-layout-constrained wp-container-core-group-is-layout-669513ed wp-block-group-is-layout-constrained\" style=\"margin-top:0;margin-bottom:0;padding-top:var(--wp--preset--spacing--50);padding-right:var(--wp--preset--spacing--50);padding-bottom:var(--wp--preset--spacing--50);padding-left:var(--wp--preset--spacing--50)\">\n<div class=\"wp-block-columns alignwide is-layout-flex wp-container-core-columns-is-layout-1da03c2a wp-block-columns-is-layout-flex\">\n<div class=\"wp-block-column is-vertically-aligned-stretch is-layout-flow wp-block-column-is-layout-flow\" style=\"flex-basis:50%\">\n<div class=\"wp-block-group is-vertical is-content-justification-center is-layout-flex wp-container-core-group-is-layout-b6c228df wp-block-group-is-layout-flex\" style=\"min-height:100%\">\n<h3 class=\"wp-block-heading has-text-align-center has-x-large-font-size\">Soci\u00e9t\u00e9 de d\u00e9veloppement et d\u2019investissement, on accompagne des entreprises et projets \u00e0 fort potentiel \u00e0 chaque \u00e9tape de leur croissance, en s\u2019appuyant sur une approche globale combinant strat\u00e9gie, investissement, conseil et cr\u00e9ation de valeur, avec une vision \u00e0 long terme et une pr\u00e9sence multi-sectorielle.<\/h3>\n\n\n\n<figure class=\"wp-block-image is-resized is-style-rectangular\"><img loading=\"lazy\" decoding=\"async\" width=\"514\" height=\"171\" src=\"https:\/\/propad.fr\/wp-content\/uploads\/2026\/01\/logo-png-limit-1.png\" alt=\"\" class=\"wp-image-138\" style=\"aspect-ratio:3.0060275218924146;width:334px;height:auto\" srcset=\"https:\/\/propad.fr\/wp-content\/uploads\/2026\/01\/logo-png-limit-1.png 514w, https:\/\/propad.fr\/wp-content\/uploads\/2026\/01\/logo-png-limit-1-300x100.png 300w\" sizes=\"auto, (max-width: 514px) 100vw, 514px\" \/><\/figure>\n\n\n\n<div class=\"wp-block-group has-global-padding is-layout-constrained wp-block-group-is-layout-constrained\"><\/div>\n<\/div>\n<\/div>\n\n\n\n<div class=\"wp-block-column is-vertically-aligned-center is-layout-flow wp-block-column-is-layout-flow\" style=\"flex-basis:50%\">\n<figure class=\"wp-block-image size-large is-resized is-style-rounded is-style-rounded--1\"><img decoding=\"async\" src=\"https:\/\/propad.fr\/wp-content\/themes\/twentytwentyfour\/assets\/images\/museum.webp\" alt=\"A ramp along a curved wall in the Kiasma Museu, Helsinki, Finland\" style=\"aspect-ratio:0.75;object-fit:cover;width:563px;height:auto\"\/><\/figure>\n<\/div>\n<\/div>\n<\/div>\n\n\n\n<div class=\"wp-block-group alignfull has-base-background-color has-background has-global-padding is-layout-constrained wp-container-core-group-is-layout-d89aad35 wp-block-group-is-layout-constrained\" style=\"margin-top:0;margin-bottom:0;padding-top:var(--wp--preset--spacing--50);padding-right:var(--wp--preset--spacing--50);padding-bottom:var(--wp--preset--spacing--50);padding-left:var(--wp--preset--spacing--50)\">\n<div class=\"wp-block-columns alignwide is-layout-flex wp-container-core-columns-is-layout-549b0c86 wp-block-columns-is-layout-flex\">\n<div class=\"wp-block-column is-layout-flow wp-container-core-column-is-layout-119bc444 wp-block-column-is-layout-flow\" style=\"flex-basis:60%\">\n<p class=\"has-heading-font-family has-x-large-font-size\" style=\"line-height:1.2\">Engag\u00e9e dans l\u2019excellence, la rigueur et la durabilit\u00e9, l\u2019entreprise se positionne comme un partenaire de confiance, capable de structurer et d\u00e9velopper des initiatives ambitieuses en France, \u00e0 Monaco, et \u00e0 l\u2019international.<\/p>\n\n\n\n<div class=\"wp-block-columns is-layout-flex wp-container-core-columns-is-layout-87beb0d0 wp-block-columns-is-layout-flex\">\n<div class=\"wp-block-column is-layout-flow wp-block-column-is-layout-flow\">\n<p class=\"wp-container-content-9cfa9a5a\">Propad France se distingue par une approche sur mesure, fond\u00e9e sur l\u2019analyse approfondie des enjeux \u00e9conomiques, financiers et op\u00e9rationnels de chaque projet. Chaque intervention est pens\u00e9e pour r\u00e9pondre \u00e0 des objectifs pr\u00e9cis de performance, de structuration et de croissance durable.<\/p>\n<\/div>\n\n\n\n<div class=\"wp-block-column is-layout-flow wp-block-column-is-layout-flow\">\n<figure class=\"wp-block-image aligncenter size-full is-resized\"><img loading=\"lazy\" decoding=\"async\" width=\"1024\" height=\"1024\" src=\"https:\/\/propad.fr\/wp-content\/uploads\/2026\/01\/IMessage-with-stroke.png\" alt=\"\" class=\"wp-image-139\" style=\"width:168px;height:auto\" srcset=\"https:\/\/propad.fr\/wp-content\/uploads\/2026\/01\/IMessage-with-stroke.png 1024w, https:\/\/propad.fr\/wp-content\/uploads\/2026\/01\/IMessage-with-stroke-300x300.png 300w, https:\/\/propad.fr\/wp-content\/uploads\/2026\/01\/IMessage-with-stroke-150x150.png 150w, https:\/\/propad.fr\/wp-content\/uploads\/2026\/01\/IMessage-with-stroke-768x768.png 768w\" sizes=\"auto, (max-width: 1024px) 100vw, 1024px\" \/><\/figure>\n<\/div>\n<\/div>\n<\/div>\n<\/div>\n<\/div>\n\n\n\n<div class=\"wp-block-group alignfull has-accent-5-background-color has-background has-global-padding is-layout-constrained wp-container-core-group-is-layout-d89aad35 wp-block-group-is-layout-constrained\" style=\"margin-top:0;margin-bottom:0;padding-top:var(--wp--preset--spacing--50);padding-right:var(--wp--preset--spacing--50);padding-bottom:var(--wp--preset--spacing--50);padding-left:var(--wp--preset--spacing--50)\">\n<div class=\"wp-block-columns alignwide is-layout-flex wp-container-core-columns-is-layout-1da03c2a wp-block-columns-is-layout-flex\">\n<div class=\"wp-block-column is-vertically-aligned-center is-layout-flow wp-block-column-is-layout-flow\" style=\"flex-basis:60%\">\n<figure class=\"wp-block-image size-large\"><img loading=\"lazy\" decoding=\"async\" width=\"1024\" height=\"724\" src=\"https:\/\/propad.fr\/wp-content\/uploads\/2026\/01\/7a-1024x724.jpeg\" alt=\"\" class=\"wp-image-136\" srcset=\"https:\/\/propad.fr\/wp-content\/uploads\/2026\/01\/7a-1024x724.jpeg 1024w, https:\/\/propad.fr\/wp-content\/uploads\/2026\/01\/7a-300x212.jpeg 300w, https:\/\/propad.fr\/wp-content\/uploads\/2026\/01\/7a-768x543.jpeg 768w, https:\/\/propad.fr\/wp-content\/uploads\/2026\/01\/7a-1536x1086.jpeg 1536w, https:\/\/propad.fr\/wp-content\/uploads\/2026\/01\/7a.jpeg 1754w\" sizes=\"auto, (max-width: 1024px) 100vw, 1024px\" \/><\/figure>\n<\/div>\n\n\n\n<div class=\"wp-block-column is-layout-flow wp-block-column-is-layout-flow\" style=\"flex-basis:40%\">\n<h2 class=\"wp-block-heading\">Le Guide de Votre Entreprise<\/h2>\n\n\n\n<p>Nous guidons les entreprises \u00e0 chaque \u00e9tape de leur d\u00e9veloppement en combinant identit\u00e9 visuelle, conseil strat\u00e9gique et analyses approfondies. De la d\u00e9finition d\u2019une identit\u00e9 corporate forte et coh\u00e9rente \u00e0 l\u2019\u00e9laboration de strat\u00e9gies claires et orient\u00e9es performance, nous assurons une vision globale et align\u00e9e. Gr\u00e2ce \u00e0 des audits et analyses strat\u00e9giques rigoureux, nous identifions les leviers de croissance, s\u00e9curisons les d\u00e9cisions et accompagnons la mise en \u0153uvre d\u2019actions concr\u00e8tes, durables et cr\u00e9atrices de valeur.<\/p>\n<\/div>\n<\/div>\n<\/div>\n\n\n\n<div class=\"wp-block-group alignfull has-global-padding is-layout-constrained wp-container-core-group-is-layout-d89aad35 wp-block-group-is-layout-constrained\" style=\"margin-top:0;margin-bottom:0;padding-top:var(--wp--preset--spacing--50);padding-right:var(--wp--preset--spacing--50);padding-bottom:var(--wp--preset--spacing--50);padding-left:var(--wp--preset--spacing--50)\">\n<div class=\"wp-block-columns alignwide are-vertically-aligned-center is-layout-flex wp-container-core-columns-is-layout-47c06fe3 wp-block-columns-is-layout-flex\">\n<div class=\"wp-block-column is-vertically-aligned-center is-layout-flow wp-block-column-is-layout-flow\" style=\"flex-basis:50%\">\n<h3 class=\"wp-block-heading\">Propad France fait partie du groupe<\/h3>\n\n\n\n<p><a href=\"http:\/\/www.propad-intl.com\">Propad International Group <\/a><\/p>\n<\/div>\n\n\n\n<div class=\"wp-block-column is-vertically-aligned-center is-layout-flow wp-block-column-is-layout-flow\" style=\"flex-basis:50%\">\n<figure class=\"wp-block-image size-full\"><img loading=\"lazy\" decoding=\"async\" width=\"842\" height=\"595\" src=\"https:\/\/propad.fr\/wp-content\/uploads\/2026\/01\/logo-Center-.png\" alt=\"\" class=\"wp-image-115\" srcset=\"https:\/\/propad.fr\/wp-content\/uploads\/2026\/01\/logo-Center-.png 842w, https:\/\/propad.fr\/wp-content\/uploads\/2026\/01\/logo-Center--300x212.png 300w, https:\/\/propad.fr\/wp-content\/uploads\/2026\/01\/logo-Center--768x543.png 768w\" sizes=\"auto, (max-width: 842px) 100vw, 842px\" \/><\/figure>\n<\/div>\n<\/div>\n<\/div>\n","protected":false},"excerpt":{"rendered":"<p>Soci\u00e9t\u00e9 de d\u00e9veloppement et d\u2019investissement, on accompagne des entreprises et projets \u00e0 fort potentiel \u00e0 chaque \u00e9tape de leur croissance, en s\u2019appuyant sur une approche globale combinant strat\u00e9gie, investissement, conseil et cr\u00e9ation de valeur, avec une vision \u00e0 long terme et une pr\u00e9sence multi-sectorielle. Engag\u00e9e dans l\u2019excellence, la rigueur et la durabilit\u00e9, l\u2019entreprise se positionne [&hellip;]<\/p>\n","protected":false},"author":2,"featured_media":0,"parent":0,"menu_order":0,"comment_status":"closed","ping_status":"closed","template":"","meta":{"footnotes":""},"class_list":["post-82","page","type-page","status-publish","hentry"],"jetpack_sharing_enabled":true,"_links":{"self":[{"href":"https:\/\/propad.fr\/index.php?rest_route=\/wp\/v2\/pages\/82","targetHints":{"allow":["GET"]}}],"collection":[{"href":"https:\/\/propad.fr\/index.php?rest_route=\/wp\/v2\/pages"}],"about":[{"href":"https:\/\/propad.fr\/index.php?rest_route=\/wp\/v2\/types\/page"}],"author":[{"embeddable":true,"href":"https:\/\/propad.fr\/index.php?rest_route=\/wp\/v2\/users\/2"}],"replies":[{"embeddable":true,"href":"https:\/\/propad.fr\/index.php?rest_route=%2Fwp%2Fv2%2Fcomments&post=82"}],"version-history":[{"count":14,"href":"https:\/\/propad.fr\/index.php?rest_route=\/wp\/v2\/pages\/82\/revisions"}],"predecessor-version":[{"id":142,"href":"https:\/\/propad.fr\/index.php?rest_route=\/wp\/v2\/pages\/82\/revisions\/142"}],"wp:attachment":[{"href":"https:\/\/propad.fr\/index.php?rest_route=%2Fwp%2Fv2%2Fmedia&parent=82"}],"curies":[{"name":"wp","href":"https:\/\/api.w.org\/{rel}","templated":true}]}}